{"id":95,"date":"2013-11-06T21:15:03","date_gmt":"2013-11-06T21:15:03","guid":{"rendered":"https:\/\/lecuspidi.com\/index.php\/prodotto\/crema-di-nocciole-2\/"},"modified":"2026-03-25T11:46:29","modified_gmt":"2026-03-25T11:46:29","slug":"crema-di-nocciole-2","status":"publish","type":"product","link":"https:\/\/lecuspidi.com\/index.php\/prodotto\/crema-di-nocciole-2\/","title":{"rendered":"Crema di Nocciole"},"content":{"rendered":"<p>Crema di Nocciole\u00a0 g. 200<\/p>\n<p>L\u2019ottima qualit\u00e0 della crema \u00e8 garantita dal controllo continuo delle temperature in fase di lavorazione. Ci\u00f2 consente di avere un prodotto dall&#8217;alto valore nutritivo, che contiene vitamine A, B, E, minerali quali calcio, ferro, potassio, fosforo e acidi grassi polinsaturi. \u00a0Preparata con cura e senza l\u2019utilizzo di grassi idrogenati e olio di palma, la crema delizia il palato, lasciando in bocca il gusto autentico della Nocciola.\u00a0Ottima da spalmare su pane o prodotti da forno; da utilizzare per la preparazione di numerose ricette.<\/p>\n<p>&nbsp;<\/p>\n","protected":false},"excerpt":{"rendered":"<p>Crema di Nocciole\u00a0 g. 200<\/p>\n<p>La crema spalmabile\u00a0di Nocciole \u00e8 ottenuta esclusivamente dalla macinazione della migliore Nocciola italiana.<br \/>\nUn alimento ricco di sostanze nutritive da spalmare su brioches o altri prodotti da forno. Preparata con cura e senza l\u2019utilizzo di grassi idrogenati e olio di palma, la crema delizia il palato, lasciando in bocca il gusto autentico della Nocciola.<\/p>\n","protected":false},"featured_media":16315,"template":"","meta":{"inline_featured_image":false,"site-sidebar-layout":"default","site-content-layout":"","ast-site-content-layout":"default","site-content-style":"default","site-sidebar-style":"default","ast-global-header-display":"","ast-banner-title-visibility":"","ast-main-header-display":"","ast-hfb-above-header-display":"","ast-hfb-below-header-display":"","ast-hfb-mobile-header-display":"","site-post-title":"","ast-breadcrumbs-content":"","ast-featured-img":"","footer-sml-layout":"","theme-transparent-header-meta":"default","adv-header-id-meta":"","stick-header-meta":"","header-above-stick-meta":"","header-main-stick-meta":"","header-below-stick-meta":"","astra-migrate-meta-layouts":"set","ast-page-background-enabled":"default","ast-page-background-meta":{"desktop":{"background-color":"var(--ast-global-color-4)","background-image":"","background-repeat":"repeat","background-position":"center center","background-size":"auto","background-attachment":"scroll","background-type":"","background-media":"","overlay-type":"","overlay-color":"","overlay-opacity":"","overlay-gradient":""},"tablet":{"background-color":"","background-image":"","background-repeat":"repeat","background-position":"center center","background-size":"auto","background-attachment":"scroll","background-type":"","background-media":"","overlay-type":"","overlay-color":"","overlay-opacity":"","overlay-gradient":""},"mobile":{"background-color":"","background-image":"","background-repeat":"repeat","background-position":"center center","background-size":"auto","background-attachment":"scroll","background-type":"","background-media":"","overlay-type":"","overlay-color":"","overlay-opacity":"","overlay-gradient":""}},"ast-content-background-meta":{"desktop":{"background-color":"var(--ast-global-color-5)","background-image":"","background-repeat":"repeat","background-position":"center center","background-size":"auto","background-attachment":"scroll","background-type":"","background-media":"","overlay-type":"","overlay-color":"","overlay-opacity":"","overlay-gradient":""},"tablet":{"background-color":"var(--ast-global-color-5)","background-image":"","background-repeat":"repeat","background-position":"center center","background-size":"auto","background-attachment":"scroll","background-type":"","background-media":"","overlay-type":"","overlay-color":"","overlay-opacity":"","overlay-gradient":""},"mobile":{"background-color":"var(--ast-global-color-5)","background-image":"","background-repeat":"repeat","background-position":"center center","background-size":"auto","background-attachment":"scroll","background-type":"","background-media":"","overlay-type":"","overlay-color":"","overlay-opacity":"","overlay-gradient":""}}},"product_brand":[],"product_cat":[29],"product_tag":[],"class_list":{"0":"post-95","1":"product","2":"type-product","3":"status-publish","4":"has-post-thumbnail","6":"product_cat-creme","7":"desktop-align-left","8":"tablet-align-left","9":"mobile-align-left","11":"first","12":"instock","13":"shipping-taxable","14":"purchasable","15":"product-type-simple"},"_links":{"self":[{"href":"https:\/\/lecuspidi.com\/index.php\/wp-json\/wp\/v2\/product\/95","targetHints":{"allow":["GET"]}}],"collection":[{"href":"https:\/\/lecuspidi.com\/index.php\/wp-json\/wp\/v2\/product"}],"about":[{"href":"https:\/\/lecuspidi.com\/index.php\/wp-json\/wp\/v2\/types\/product"}],"wp:featuredmedia":[{"embeddable":true,"href":"https:\/\/lecuspidi.com\/index.php\/wp-json\/wp\/v2\/media\/16315"}],"wp:attachment":[{"href":"https:\/\/lecuspidi.com\/index.php\/wp-json\/wp\/v2\/media?parent=95"}],"wp:term":[{"taxonomy":"product_brand","embeddable":true,"href":"https:\/\/lecuspidi.com\/index.php\/wp-json\/wp\/v2\/product_brand?post=95"},{"taxonomy":"product_cat","embeddable":true,"href":"https:\/\/lecuspidi.com\/index.php\/wp-json\/wp\/v2\/product_cat?post=95"},{"taxonomy":"product_tag","embeddable":true,"href":"https:\/\/lecuspidi.com\/index.php\/wp-json\/wp\/v2\/product_tag?post=95"}],"curies":[{"name":"wp","href":"https:\/\/api.w.org\/{rel}","templated":true}]}}