{"id":25789,"date":"2024-01-26T17:11:36","date_gmt":"2024-01-26T17:11:36","guid":{"rendered":"https:\/\/lecuspidi.com\/?page_id=25789"},"modified":"2024-02-29T16:01:43","modified_gmt":"2024-02-29T16:01:43","slug":"il-territorio","status":"publish","type":"page","link":"https:\/\/lecuspidi.com\/index.php\/il-territorio\/","title":{"rendered":"Il Territorio"},"content":{"rendered":"\t\t<div data-elementor-type=\"wp-page\" data-elementor-id=\"25789\" class=\"elementor elementor-25789\">\n\t\t\t\t<div class=\"elementor-element elementor-element-31a586b e-con-full e-flex e-con e-parent\" data-id=\"31a586b\" data-element_type=\"container\">\n\t\t<div class=\"elementor-element elementor-element-a68b7d9 e-con-full e-flex e-con e-child\" data-id=\"a68b7d9\" data-element_type=\"container\">\n\t\t\t\t<div class=\"elementor-element elementor-element-1f7107d elementor-widget-mobile__width-inherit elementor-widget elementor-widget-image\" data-id=\"1f7107d\" data-element_type=\"widget\" data-widget_type=\"image.default\">\n\t\t\t\t<div class=\"elementor-widget-container\">\n\t\t\t\t\t\t\t\t\t\t\t\t\t\t\t<img fetchpriority=\"high\" decoding=\"async\" width=\"1024\" height=\"768\" src=\"https:\/\/lecuspidi.com\/wp-content\/uploads\/2024\/02\/VALLE-1024x768.jpg\" class=\"attachment-large size-large wp-image-26676\" alt=\"\" srcset=\"https:\/\/lecuspidi.com\/wp-content\/uploads\/2024\/02\/VALLE-1024x768.jpg 1024w, https:\/\/lecuspidi.com\/wp-content\/uploads\/2024\/02\/VALLE-300x225.jpg 300w, https:\/\/lecuspidi.com\/wp-content\/uploads\/2024\/02\/VALLE-768x576.jpg 768w, https:\/\/lecuspidi.com\/wp-content\/uploads\/2024\/02\/VALLE-500x375.jpg 500w, https:\/\/lecuspidi.com\/wp-content\/uploads\/2024\/02\/VALLE-800x600.jpg 800w, https:\/\/lecuspidi.com\/wp-content\/uploads\/2024\/02\/VALLE.jpg 1280w\" sizes=\"(max-width: 1024px) 100vw, 1024px\" \/>\t\t\t\t\t\t\t\t\t\t\t\t\t\t\t<\/div>\n\t\t\t\t<\/div>\n\t\t\t\t<\/div>\n\t\t<div class=\"elementor-element elementor-element-e9599af e-con-full e-flex e-con e-child\" data-id=\"e9599af\" data-element_type=\"container\">\n\t\t\t\t<div class=\"elementor-element elementor-element-532c594 elementor-widget elementor-widget-heading\" data-id=\"532c594\" data-element_type=\"widget\" data-settings=\"{&quot;_animation_mobile&quot;:&quot;none&quot;}\" data-widget_type=\"heading.default\">\n\t\t\t\t<div class=\"elementor-widget-container\">\n\t\t\t\t\t<h2 class=\"elementor-heading-title elementor-size-default\">\"La natura \n\u00e8 il miglior modo\nper comprendere l'arte\"<\/h2>\t\t\t\t<\/div>\n\t\t\t\t<\/div>\n\t\t\t\t<div class=\"elementor-element elementor-element-0a1de76 elementor-widget elementor-widget-heading\" data-id=\"0a1de76\" data-element_type=\"widget\" data-widget_type=\"heading.default\">\n\t\t\t\t<div class=\"elementor-widget-container\">\n\t\t\t\t\t<h2 class=\"elementor-heading-title elementor-size-default\">Vincent van Gogh<\/h2>\t\t\t\t<\/div>\n\t\t\t\t<\/div>\n\t\t\t\t<div class=\"elementor-element elementor-element-e7cfe05 elementor-widget elementor-widget-heading\" data-id=\"e7cfe05\" data-element_type=\"widget\" data-widget_type=\"heading.default\">\n\t\t\t\t<div class=\"elementor-widget-container\">\n\t\t\t\t\t<h2 class=\"elementor-heading-title elementor-size-default\">Raffadali \u00e8 un comune dell\u2019agrigentino situato in cima a una collina marnosa che si affaccia sul mare. Nel periodo greco era incluso nel territorio akragantino, e si suppone che gi\u00e0 esistessero piccoli casali agricoli, dove era diffusa la coltivazione del mandorlo. I significativi reperti di epoca romana testimoniano la presenza di un centro, che vari studiosi hanno ipotizzato indentificare con la localit\u00e0 Erbesso, mitico granaio dei romani. <\/h2>\t\t\t\t<\/div>\n\t\t\t\t<\/div>\n\t\t\t\t<\/div>\n\t\t\t\t<\/div>\n\t\t<div class=\"elementor-element elementor-element-f2350ff e-con-full e-flex e-con e-parent\" data-id=\"f2350ff\" data-element_type=\"container\" data-settings=\"{&quot;background_background&quot;:&quot;video&quot;}\">\n\t\t\t\t<div class=\"elementor-element elementor-element-819bbf6 elementor-widget elementor-widget-video\" data-id=\"819bbf6\" data-element_type=\"widget\" data-settings=\"{&quot;video_type&quot;:&quot;hosted&quot;,&quot;autoplay&quot;:&quot;yes&quot;,&quot;play_on_mobile&quot;:&quot;yes&quot;,&quot;mute&quot;:&quot;yes&quot;,&quot;loop&quot;:&quot;yes&quot;}\" data-widget_type=\"video.default\">\n\t\t\t\t<div class=\"elementor-widget-container\">\n\t\t\t\t\t\t\t<div class=\"e-hosted-video elementor-wrapper elementor-open-inline\">\n\t\t\t\t\t<video class=\"elementor-video\" src=\"https:\/\/lecuspidi.com\/wp-content\/uploads\/2024\/02\/pistacchio-di-raffadali.mp4\" autoplay=\"\" loop=\"\" muted=\"muted\" playsinline=\"\" controlsList=\"nodownload\"><\/video>\n\t\t\t\t<\/div>\n\t\t\t\t\t\t<\/div>\n\t\t\t\t<\/div>\n\t\t\t\t<div class=\"elementor-element elementor-element-8c45b70 elementor-widget elementor-widget-heading\" data-id=\"8c45b70\" data-element_type=\"widget\" data-widget_type=\"heading.default\">\n\t\t\t\t<div class=\"elementor-widget-container\">\n\t\t\t\t\t<h2 class=\"elementor-heading-title elementor-size-default\">Intorno all'840 il territorio raffadalese venne occupato dai saraceni, che nei due secoli e mezzo di dominazione araba, introdussero importanti colture tra cui il pistacchio e gli agrumi, e diedero avvio ad un\u2019intensa attivit\u00e0 produttiva in campo dolciario, la cui tradizione, ricca di prelibatezze come la cassata, la cubbaita e i dolci a base di mandorla, si \u00e8 mantenuta fiorente sino ai giorni nostri. Un altro ingrediente della pasticceria tradizionale \u00e8 rappresentato dalla ricotta di pecora, che rispecchia nel suo sapore la variet\u00e0 e ricchezza dei verdeggianti pascoli locali.\nGrazie alla secolare attivit\u00e0 agricola e alle antiche tradizioni il nostro territorio vanta una  ricchezza ed un paesaggio unici al mondo.<\/h2>\t\t\t\t<\/div>\n\t\t\t\t<\/div>\n\t\t\t\t<div class=\"elementor-element elementor-element-5f8d2cb elementor-widget elementor-widget-image\" data-id=\"5f8d2cb\" data-element_type=\"widget\" data-widget_type=\"image.default\">\n\t\t\t\t<div class=\"elementor-widget-container\">\n\t\t\t\t\t\t\t\t\t\t\t\t\t\t\t<img decoding=\"async\" width=\"1024\" height=\"681\" src=\"https:\/\/lecuspidi.com\/wp-content\/uploads\/2024\/02\/DSC_4006-1024x681.jpg\" class=\"attachment-large size-large wp-image-26781\" alt=\"\" srcset=\"https:\/\/lecuspidi.com\/wp-content\/uploads\/2024\/02\/DSC_4006-1024x681.jpg 1024w, https:\/\/lecuspidi.com\/wp-content\/uploads\/2024\/02\/DSC_4006-300x200.jpg 300w, https:\/\/lecuspidi.com\/wp-content\/uploads\/2024\/02\/DSC_4006-768x511.jpg 768w, https:\/\/lecuspidi.com\/wp-content\/uploads\/2024\/02\/DSC_4006-1536x1022.jpg 1536w, https:\/\/lecuspidi.com\/wp-content\/uploads\/2024\/02\/DSC_4006-2048x1363.jpg 2048w, https:\/\/lecuspidi.com\/wp-content\/uploads\/2024\/02\/DSC_4006-500x333.jpg 500w, https:\/\/lecuspidi.com\/wp-content\/uploads\/2024\/02\/DSC_4006-800x532.jpg 800w, https:\/\/lecuspidi.com\/wp-content\/uploads\/2024\/02\/DSC_4006-1280x852.jpg 1280w, https:\/\/lecuspidi.com\/wp-content\/uploads\/2024\/02\/DSC_4006-1920x1278.jpg 1920w, https:\/\/lecuspidi.com\/wp-content\/uploads\/2024\/02\/DSC_4006-1320x878.jpg 1320w\" sizes=\"(max-width: 1024px) 100vw, 1024px\" \/>\t\t\t\t\t\t\t\t\t\t\t\t\t\t\t<\/div>\n\t\t\t\t<\/div>\n\t\t\t\t<div class=\"elementor-element elementor-element-621d1e5 elementor-widget elementor-widget-heading\" data-id=\"621d1e5\" data-element_type=\"widget\" data-settings=\"{&quot;_animation_mobile&quot;:&quot;none&quot;}\" data-widget_type=\"heading.default\">\n\t\t\t\t<div class=\"elementor-widget-container\">\n\t\t\t\t\t<h2 class=\"elementor-heading-title elementor-size-default\">Pistacchio di Raffadali D.O.P.<\/h2>\t\t\t\t<\/div>\n\t\t\t\t<\/div>\n\t\t\t\t<div class=\"elementor-element elementor-element-d90fca2 elementor-widget-mobile__width-initial elementor-widget elementor-widget-heading\" data-id=\"d90fca2\" data-element_type=\"widget\" data-widget_type=\"heading.default\">\n\t\t\t\t<div class=\"elementor-widget-container\">\n\t\t\t\t\t<h2 class=\"elementor-heading-title elementor-size-default\">Il pistacchio \u00e8 una pianta longeva (pu\u00f2 vivere dai 200 ai 600 anni), originaria della Persia, \u00e8 caratterizzata da una crescita molto lenta. Produce infatti i primi frutti a quasi dieci anni dall'innesto. La sua coltivazione \u00e8 molto impegnativa e prevede ancora oggi la raccolta esclusivamente manuale. Grazie alla sua resistenza alla siccit\u00e0 la pianta \u00e8 riuscita ad adattarsi bene al paesaggio arido e collinare dell'agrigentino diventando una delle colture maggiormente diffuse sul territorio. Il Pistacchio di Raffadali D.O.P. presenta delle caratteristiche che lo distinguono sia per qualit\u00e0 che per grandezza da altri tipi di pistacchio prodotti in Sicilia o in altre parti del mondo.\nDal sapore particolarmente gradevole e armonioso \u00e8 un frutto apprezzato per le sue dimensioni e per l'intensa colorazione verde.   <\/h2>\t\t\t\t<\/div>\n\t\t\t\t<\/div>\n\t\t\t\t<\/div>\n\t\t\t\t<\/div>\n\t\t","protected":false},"excerpt":{"rendered":"<p>&#8220;La natura \u00e8 il miglior modo per comprendere l&#8217;arte&#8221; Vincent van Gogh Raffadali \u00e8 un comune dell\u2019agrigentino situato in cima [&hellip;]<\/p>\n","protected":false},"author":1,"featured_media":0,"parent":0,"menu_order":0,"comment_status":"closed","ping_status":"closed","template":"","meta":{"inline_featured_image":false,"site-sidebar-layout":"no-sidebar","site-content-layout":"","ast-site-content-layout":"full-width-container","site-content-style":"default","site-sidebar-style":"default","ast-global-header-display":"","ast-banner-title-visibility":"","ast-main-header-display":"","ast-hfb-above-header-display":"","ast-hfb-below-header-display":"","ast-hfb-mobile-header-display":"","site-post-title":"disabled","ast-breadcrumbs-content":"","ast-featured-img":"disabled","footer-sml-layout":"","theme-transparent-header-meta":"","adv-header-id-meta":"","stick-header-meta":"","header-above-stick-meta":"","header-main-stick-meta":"","header-below-stick-meta":"","astra-migrate-meta-layouts":"default","ast-page-background-enabled":"default","ast-page-background-meta":{"desktop":{"background-color":"var(--ast-global-color-4)","background-image":"","background-repeat":"repeat","background-position":"center center","background-size":"auto","background-attachment":"scroll","background-type":"","background-media":"","overlay-type":"","overlay-color":"","overlay-opacity":"","overlay-gradient":""},"tablet":{"background-color":"","background-image":"","background-repeat":"repeat","background-position":"center center","background-size":"auto","background-attachment":"scroll","background-type":"","background-media":"","overlay-type":"","overlay-color":"","overlay-opacity":"","overlay-gradient":""},"mobile":{"background-color":"","background-image":"","background-repeat":"repeat","background-position":"center center","background-size":"auto","background-attachment":"scroll","background-type":"","background-media":"","overlay-type":"","overlay-color":"","overlay-opacity":"","overlay-gradient":""}},"ast-content-background-meta":{"desktop":{"background-color":"var(--ast-global-color-5)","background-image":"","background-repeat":"repeat","background-position":"center center","background-size":"auto","background-attachment":"scroll","background-type":"","background-media":"","overlay-type":"","overlay-color":"","overlay-opacity":"","overlay-gradient":""},"tablet":{"background-color":"var(--ast-global-color-5)","background-image":"","background-repeat":"repeat","background-position":"center center","background-size":"auto","background-attachment":"scroll","background-type":"","background-media":"","overlay-type":"","overlay-color":"","overlay-opacity":"","overlay-gradient":""},"mobile":{"background-color":"var(--ast-global-color-5)","background-image":"","background-repeat":"repeat","background-position":"center center","background-size":"auto","background-attachment":"scroll","background-type":"","background-media":"","overlay-type":"","overlay-color":"","overlay-opacity":"","overlay-gradient":""}},"footnotes":""},"class_list":["post-25789","page","type-page","status-publish","hentry"],"rttpg_featured_image_url":null,"rttpg_author":{"display_name":"admin","author_link":"https:\/\/lecuspidi.com\/index.php\/author\/infolecuspidi-com\/"},"rttpg_comment":0,"rttpg_category":null,"rttpg_excerpt":"&#8220;La natura \u00e8 il miglior modo per comprendere l&#8217;arte&#8221; Vincent van Gogh Raffadali \u00e8 un comune dell\u2019agrigentino situato in cima [&hellip;]","_links":{"self":[{"href":"https:\/\/lecuspidi.com\/index.php\/wp-json\/wp\/v2\/pages\/25789","targetHints":{"allow":["GET"]}}],"collection":[{"href":"https:\/\/lecuspidi.com\/index.php\/wp-json\/wp\/v2\/pages"}],"about":[{"href":"https:\/\/lecuspidi.com\/index.php\/wp-json\/wp\/v2\/types\/page"}],"author":[{"embeddable":true,"href":"https:\/\/lecuspidi.com\/index.php\/wp-json\/wp\/v2\/users\/1"}],"replies":[{"embeddable":true,"href":"https:\/\/lecuspidi.com\/index.php\/wp-json\/wp\/v2\/comments?post=25789"}],"version-history":[{"count":256,"href":"https:\/\/lecuspidi.com\/index.php\/wp-json\/wp\/v2\/pages\/25789\/revisions"}],"predecessor-version":[{"id":28930,"href":"https:\/\/lecuspidi.com\/index.php\/wp-json\/wp\/v2\/pages\/25789\/revisions\/28930"}],"wp:attachment":[{"href":"https:\/\/lecuspidi.com\/index.php\/wp-json\/wp\/v2\/media?parent=25789"}],"curies":[{"name":"wp","href":"https:\/\/api.w.org\/{rel}","templated":true}]}}